{"id":54,"date":"2017-09-18T14:08:36","date_gmt":"2017-09-18T14:08:36","guid":{"rendered":"http:\/\/ferienwohnung-coesfeld.com\/?page_id=54"},"modified":"2026-01-31T19:11:04","modified_gmt":"2026-01-31T19:11:04","slug":"beschreibung","status":"publish","type":"page","link":"https:\/\/ferienwohnung-coesfeld.com\/","title":{"rendered":"Beschreibung"},"content":{"rendered":"<p style=\"text-align: left;\">Unsere Ferienwohnung liegt in Coesfeld im Hause Grenzweg 25, in der N\u00e4he des Coesfelder Berges. Die Coesfelder Innenstadt erreichen Sie zu Fu\u00df in ca. 15-20 Minuten, Einkaufsm\u00f6glichkeiten liegen in unmittelbarer N\u00e4he (5 Minuten).<\/p>\n<p style=\"text-align: left;\">Die Ferienwohnung verf\u00fcgt \u00fcber zwei Schlafzimmer (Eltern- und Kinderzimmer), eine K\u00fcche (mit Sp\u00fclmaschine), einem Bad (mit Dusche) und einem Balkon. Die Wohnung liegt im 1. Obergeschoss, ein PKW-Stellplatz ist vor dem Haus vorhanden.<\/p>\n<p style=\"text-align: left;\">Preisausk\u00fcnfte erteilen wir gerne auf (telefonische) Anfrage<\/p>\n<p style=\"text-align: left;\">unter 02541\/5748 oder 0152\/37279744<\/p>\n<p style=\"text-align: left;\">oder auch per E-Mail unter<\/p>\n<p style=\"text-align: left;\">buchung@ferienwohnung-take.de .<\/p>\n<p style=\"text-align: left;\">Veranstaltungstips, Ausflugsm\u00f6glichkeiten entnehmen Sie bitte der <a href=\"https:\/\/www.coesfeld.de\/freizeit\/tourismus\">Homepage<\/a> der Stadt Coesfeld.<\/p>\n<p style=\"text-align: left;\">Wir freuen uns \u00fcber Ihr Interesse und erteilen gerne weitere Ausk\u00fcnfte.<\/p>\n<p style=\"text-align: left;\">Familie Take<\/p>\n","protected":false},"excerpt":{"rendered":"<p>Unsere Ferienwohnung liegt in Coesfeld im Hause Grenzweg 25, in der N\u00e4he des Coesfelder Berges. Die Coesfelder Innenstadt erreichen Sie zu Fu\u00df in ca. 15-20 Minuten, Einkaufsm\u00f6glichkeiten liegen in unmittelbarer N\u00e4he (5 Minuten). Die Ferienwohnung verf\u00fcgt \u00fcber zwei Schlafzimmer (Eltern- und Kinderzimmer), eine K\u00fcche (mit Sp\u00fclmaschine), einem Bad (mit Dusche) und einem Balkon. Die Wohnung &hellip; <\/p>\n<p class=\"link-more\"><a href=\"https:\/\/ferienwohnung-coesfeld.com\/\" class=\"more-link\"><span class=\"screen-reader-text\">\u201eBeschreibung\u201c <\/span>weiterlesen<\/a><\/p>\n","protected":false},"author":1,"featured_media":0,"parent":0,"menu_order":0,"comment_status":"closed","ping_status":"closed","template":"","meta":{"footnotes":""},"class_list":["post-54","page","type-page","status-publish","hentry"],"yoast_head":"<!-- This site is optimized with the Yoast SEO plugin v26.8 - https:\/\/yoast.com\/product\/yoast-seo-wordpress\/ -->\n<title>Beschreibung - Ferienwohnung Coesfeld<\/title>\n<meta name=\"robots\" content=\"index, follow, max-snippet:-1, max-image-preview:large, max-video-preview:-1\" \/>\n<link rel=\"canonical\" href=\"https:\/\/ferienwohnung-coesfeld.com\/\" \/>\n<meta property=\"og:locale\" content=\"de_DE\" \/>\n<meta property=\"og:type\" content=\"article\" \/>\n<meta property=\"og:title\" content=\"Beschreibung - Ferienwohnung Coesfeld\" \/>\n<meta property=\"og:description\" content=\"Unsere Ferienwohnung liegt in Coesfeld im Hause Grenzweg 25, in der N\u00e4he des Coesfelder Berges. Die Coesfelder Innenstadt erreichen Sie zu Fu\u00df in ca. 15-20 Minuten, Einkaufsm\u00f6glichkeiten liegen in unmittelbarer N\u00e4he (5 Minuten). Die Ferienwohnung verf\u00fcgt \u00fcber zwei Schlafzimmer (Eltern- und Kinderzimmer), eine K\u00fcche (mit Sp\u00fclmaschine), einem Bad (mit Dusche) und einem Balkon. Die Wohnung &hellip; \u201eBeschreibung\u201c weiterlesen\" \/>\n<meta property=\"og:url\" content=\"https:\/\/ferienwohnung-coesfeld.com\/\" \/>\n<meta property=\"og:site_name\" content=\"Ferienwohnung Coesfeld\" \/>\n<meta property=\"article:modified_time\" content=\"2026-01-31T19:11:04+00:00\" \/>\n<meta name=\"twitter:card\" content=\"summary_large_image\" \/>\n<meta name=\"twitter:label1\" content=\"Gesch\u00e4tzte Lesezeit\" \/>\n\t<meta name=\"twitter:data1\" content=\"1\u00a0Minute\" \/>\n<script type=\"application\/ld+json\" class=\"yoast-schema-graph\">{\"@context\":\"https:\/\/schema.org\",\"@graph\":[{\"@type\":\"WebPage\",\"@id\":\"https:\/\/ferienwohnung-coesfeld.com\/\",\"url\":\"https:\/\/ferienwohnung-coesfeld.com\/\",\"name\":\"Beschreibung - Ferienwohnung Coesfeld\",\"isPartOf\":{\"@id\":\"https:\/\/ferienwohnung-coesfeld.com\/#website\"},\"datePublished\":\"2017-09-18T14:08:36+00:00\",\"dateModified\":\"2026-01-31T19:11:04+00:00\",\"breadcrumb\":{\"@id\":\"https:\/\/ferienwohnung-coesfeld.com\/#breadcrumb\"},\"inLanguage\":\"de\",\"potentialAction\":[{\"@type\":\"ReadAction\",\"target\":[\"https:\/\/ferienwohnung-coesfeld.com\/\"]}]},{\"@type\":\"BreadcrumbList\",\"@id\":\"https:\/\/ferienwohnung-coesfeld.com\/#breadcrumb\",\"itemListElement\":[{\"@type\":\"ListItem\",\"position\":1,\"name\":\"Start\",\"item\":\"https:\/\/ferienwohnung-coesfeld.com\/\"},{\"@type\":\"ListItem\",\"position\":2,\"name\":\"Beschreibung\"}]},{\"@type\":\"WebSite\",\"@id\":\"https:\/\/ferienwohnung-coesfeld.com\/#website\",\"url\":\"https:\/\/ferienwohnung-coesfeld.com\/\",\"name\":\"Ferienwohnung Coesfeld\",\"description\":\"Familie Take\",\"potentialAction\":[{\"@type\":\"SearchAction\",\"target\":{\"@type\":\"EntryPoint\",\"urlTemplate\":\"https:\/\/ferienwohnung-coesfeld.com\/?s={search_term_string}\"},\"query-input\":{\"@type\":\"PropertyValueSpecification\",\"valueRequired\":true,\"valueName\":\"search_term_string\"}}],\"inLanguage\":\"de\"}]}<\/script>\n<!-- \/ Yoast SEO plugin. -->","yoast_head_json":{"title":"Beschreibung - Ferienwohnung Coesfeld","robots":{"index":"index","follow":"follow","max-snippet":"max-snippet:-1","max-image-preview":"max-image-preview:large","max-video-preview":"max-video-preview:-1"},"canonical":"https:\/\/ferienwohnung-coesfeld.com\/","og_locale":"de_DE","og_type":"article","og_title":"Beschreibung - Ferienwohnung Coesfeld","og_description":"Unsere Ferienwohnung liegt in Coesfeld im Hause Grenzweg 25, in der N\u00e4he des Coesfelder Berges. Die Coesfelder Innenstadt erreichen Sie zu Fu\u00df in ca. 15-20 Minuten, Einkaufsm\u00f6glichkeiten liegen in unmittelbarer N\u00e4he (5 Minuten). Die Ferienwohnung verf\u00fcgt \u00fcber zwei Schlafzimmer (Eltern- und Kinderzimmer), eine K\u00fcche (mit Sp\u00fclmaschine), einem Bad (mit Dusche) und einem Balkon. Die Wohnung &hellip; \u201eBeschreibung\u201c weiterlesen","og_url":"https:\/\/ferienwohnung-coesfeld.com\/","og_site_name":"Ferienwohnung Coesfeld","article_modified_time":"2026-01-31T19:11:04+00:00","twitter_card":"summary_large_image","twitter_misc":{"Gesch\u00e4tzte Lesezeit":"1\u00a0Minute"},"schema":{"@context":"https:\/\/schema.org","@graph":[{"@type":"WebPage","@id":"https:\/\/ferienwohnung-coesfeld.com\/","url":"https:\/\/ferienwohnung-coesfeld.com\/","name":"Beschreibung - Ferienwohnung Coesfeld","isPartOf":{"@id":"https:\/\/ferienwohnung-coesfeld.com\/#website"},"datePublished":"2017-09-18T14:08:36+00:00","dateModified":"2026-01-31T19:11:04+00:00","breadcrumb":{"@id":"https:\/\/ferienwohnung-coesfeld.com\/#breadcrumb"},"inLanguage":"de","potentialAction":[{"@type":"ReadAction","target":["https:\/\/ferienwohnung-coesfeld.com\/"]}]},{"@type":"BreadcrumbList","@id":"https:\/\/ferienwohnung-coesfeld.com\/#breadcrumb","itemListElement":[{"@type":"ListItem","position":1,"name":"Start","item":"https:\/\/ferienwohnung-coesfeld.com\/"},{"@type":"ListItem","position":2,"name":"Beschreibung"}]},{"@type":"WebSite","@id":"https:\/\/ferienwohnung-coesfeld.com\/#website","url":"https:\/\/ferienwohnung-coesfeld.com\/","name":"Ferienwohnung Coesfeld","description":"Familie Take","potentialAction":[{"@type":"SearchAction","target":{"@type":"EntryPoint","urlTemplate":"https:\/\/ferienwohnung-coesfeld.com\/?s={search_term_string}"},"query-input":{"@type":"PropertyValueSpecification","valueRequired":true,"valueName":"search_term_string"}}],"inLanguage":"de"}]}},"_links":{"self":[{"href":"https:\/\/ferienwohnung-coesfeld.com\/index.php?rest_route=\/wp\/v2\/pages\/54","targetHints":{"allow":["GET"]}}],"collection":[{"href":"https:\/\/ferienwohnung-coesfeld.com\/index.php?rest_route=\/wp\/v2\/pages"}],"about":[{"href":"https:\/\/ferienwohnung-coesfeld.com\/index.php?rest_route=\/wp\/v2\/types\/page"}],"author":[{"embeddable":true,"href":"https:\/\/ferienwohnung-coesfeld.com\/index.php?rest_route=\/wp\/v2\/users\/1"}],"replies":[{"embeddable":true,"href":"https:\/\/ferienwohnung-coesfeld.com\/index.php?rest_route=%2Fwp%2Fv2%2Fcomments&post=54"}],"version-history":[{"count":11,"href":"https:\/\/ferienwohnung-coesfeld.com\/index.php?rest_route=\/wp\/v2\/pages\/54\/revisions"}],"predecessor-version":[{"id":95,"href":"https:\/\/ferienwohnung-coesfeld.com\/index.php?rest_route=\/wp\/v2\/pages\/54\/revisions\/95"}],"wp:attachment":[{"href":"https:\/\/ferienwohnung-coesfeld.com\/index.php?rest_route=%2Fwp%2Fv2%2Fmedia&parent=54"}],"curies":[{"name":"wp","href":"https:\/\/api.w.org\/{rel}","templated":true}]}}